{"id":2,"date":"2025-06-12T13:25:54","date_gmt":"2025-06-12T13:25:54","guid":{"rendered":"https:\/\/breezetest.hemsida.eu\/?page_id=2"},"modified":"2025-08-04T10:00:34","modified_gmt":"2025-08-04T10:00:34","slug":"om-budet","status":"publish","type":"page","link":"https:\/\/caplusinvest-bud.se\/","title":{"rendered":"Erbjudande till aktie\u00e4gare i Arise"},"content":{"rendered":"\n<div style=\"height:40px\" aria-hidden=\"true\" class=\"wp-block-spacer\"><\/div>\n\n\n\n<div id=\"om-erbjudandet\" class=\"wp-block-group has-global-padding is-layout-constrained wp-block-group-is-layout-constrained\">\n<h2 class=\"wp-block-heading\">Om Erbjudandet<\/h2>\n\n\n\n<p><strong>Den 3 juni 2025 f\u00f6rv\u00e4rvade Claesson &amp; Anderz\u00e9n AB, genom CA Plusinvest AB (\u201dCA Plusinvest\u201d och tillsammans \u201dCA Group\u201d), en aktie i Arise AB, med organisationsnummer 556274-6726 (\u201dArise\u201d eller \u201dBolaget\u201d), och meddelade att budplikt uppkommit och att CA Group d\u00e4rf\u00f6r inom fyra veckor antingen skulle l\u00e4mna ett budpliktsbud avseende resterade aktier i Arise eller avyttra aktier i s\u00e5dan utstr\u00e4ckning att CA Groups aktieinnehav d\u00e4refter representerar mindre \u00e4n tre tiondelar av r\u00f6stetalet f\u00f6r samtliga aktier i Arise.<\/strong><\/p>\n\n\n\n<p><strong>Den 23 juni 2025, offentliggjorde CA Group ett kontant budpliktserbjudande till aktie\u00e4garna i Arise att \u00f6verl\u00e5ta samtliga aktier i Arise till CA Group f\u00f6r 34,35 kronor kontant per aktie (\u201dErbjudandet\u201d).<\/strong><\/p>\n\n\n\n<p>Aktie\u00e4garna i Arise erbjuds 34,35 kronor kontant per aktie i Arise, vilket motsvarar det pris som CA Group f\u00f6rv\u00e4rvade en aktie i Arise f\u00f6r den 3 juni 2025. Erbjudandet v\u00e4rderar Arise, baserat p\u00e5 samtliga 40 785 027 utest\u00e5ende aktier i Arise, till cirka 1 400 miljoner kronor.<\/p>\n\n\n\n<p>Priset som erbjuds f\u00f6r aktierna i Arise motsvarar en negativ premie om:<\/p>\n\n\n\n<ul class=\"wp-block-list\">\n<li>cirka 0,9 procent i f\u00f6rh\u00e5llande till st\u00e4ngningskursen om 34,65 kronor den 19 juni 2025 (vilket var den sista handelsdagen f\u00f6re offentligg\u00f6randet av Erbjudandet);<\/li>\n\n\n\n<li>cirka 2,7 procent i f\u00f6rh\u00e5llande till st\u00e4ngningskursen om 35,30 kronor den 2 juni 2025 (vilket var den sista handelsdagen f\u00f6re det att CA Group f\u00f6rv\u00e4rvade en aktie och offentliggjorde att budplikt uppkommit); och<\/li>\n\n\n\n<li>cirka 3,8 procent i f\u00f6rh\u00e5llande till den volymv\u00e4gda genomsnittliga betalkursen om 35,69 kronor under de 90 senaste handelsdagarna f\u00f6re offentligg\u00f6randet av Erbjudandet.<\/li>\n<\/ul>\n\n\n\n<p>Erbjudandehandling avseende Erbjudandet offentliggjordes den 24 juni 2025. Acceptfristen f\u00f6r Erbjudandet ber\u00e4knas p\u00e5b\u00f6rjas den 25 juni 2025 och avslutas omkring den 1 augusti 2025.<\/p>\n<\/div>\n\n\n\n<div style=\"height:40px\" aria-hidden=\"true\" class=\"wp-block-spacer\"><\/div>\n\n\n\n<div id=\"pressmeddelanden\" class=\"wp-block-group has-global-padding is-layout-constrained wp-block-group-is-layout-constrained\">\n<h2 class=\"wp-block-heading\">Pressmeddelanden<\/h2>\n\n\n\n<div class=\"wp-block-file\"><a id=\"wp-block-file--media-cb7465a6-de02-4ff2-980e-f2e778f4b7dc\" href=\"https:\/\/caplusinvest-bud.se\/wp-content\/uploads\/2025\/08\/CA-PLUSINVEST-AB-OFFENTLIGGOR-SLUTLIGT-UTFALL-I-BUDPLIKTSERBJUDANDET-TILL-AKTIEAGARNA-I-ARISE-AB.pdf\" target=\"_blank\" rel=\"noreferrer noopener\"><br>4 augusti 2025: CA Plusinvest AB offentligg\u00f6r slutligt utfall i budpliktserbjudandet till aktie\u00e4garna i Arise AB<\/a><\/div>\n\n\n\n<div class=\"wp-block-file\"><a id=\"wp-block-file--media-2c2f895d-63ae-49aa-8a75-817573b37a20\" href=\"https:\/\/caplusinvest-bud.se\/wp-content\/uploads\/2025\/07\/3591084.pdf\" target=\"_blank\" rel=\"noreferrer noopener\">25 juli 2025: CA Plusinvest AB har erh\u00e5llit erforderliga myndighetsgodk\u00e4nnanden f\u00f6r budpliktserbjudandet till aktie\u00e4garna i Arise AB, f\u00f6rklarar erbjudandet ovillkorat samt offentligg\u00f6r till\u00e4gg till erbjudandehandling<\/a><\/div>\n\n\n\n<div class=\"wp-block-file\"><a id=\"wp-block-file--media-fe7f2d63-2e4c-44f1-a5f2-9bacf55d81d1\" href=\"https:\/\/caplusinvest-bud.se\/wp-content\/uploads\/2025\/06\/CA-PLUSINVEST-AB-OFFENTLIGGOR-ERBJUDANDEHANDLING-FOR-DET-KONTANTA-BUDPLIKTSERBJUDANDET-TILL-AKTIEAGARNA-I-ARISE-AB.pdf\" target=\"_blank\" rel=\"noreferrer noopener\">24 juni 2025: CA Plusinvest AB offentilgg\u00f6r erbjudandehandling f\u00f6r det kontanta budpliktserbjudandet till aktie\u00e4garna i Arise AB<\/a><\/div>\n\n\n\n<div class=\"wp-block-file\"><a id=\"wp-block-file--media-68a17e97-b3cd-408a-ba69-b4257f8a3c18\" href=\"https:\/\/caplusinvest-bud.se\/wp-content\/uploads\/2025\/06\/Breeze-Pressmeddelande-Budpliktserbjudande-23-juni-2025-2752-6956-4942.pdf\" target=\"_blank\" rel=\"noreferrer noopener\">23 juni 2025: CA Plusinvest AB offentligg\u00f6r ett kontant budpliktserbjudande till aktie\u00e4garna i Arise AB<\/a><\/div>\n\n\n\n<div class=\"wp-block-file\"><a id=\"wp-block-file--media-c67f5972-5470-40c3-b036-0f8c34572e1b\" href=\"https:\/\/caplusinvest-bud.se\/wp-content\/uploads\/2025\/06\/3484538.pdf\" target=\"_blank\" rel=\"noreferrer noopener\">3 juni 2025: CA Plusinvest AB har genomf\u00f6rt f\u00f6rv\u00e4rv i Arise varigenom budplikt har uppkommit<\/a><\/div>\n<\/div>\n\n\n\n<div style=\"height:40px\" aria-hidden=\"true\" class=\"wp-block-spacer\"><\/div>\n\n\n\n<div id=\"dokument\" class=\"wp-block-group has-global-padding is-layout-constrained wp-block-group-is-layout-constrained\">\n<h2 class=\"wp-block-heading\">Dokument<\/h2>\n\n\n\n<div class=\"wp-block-file\"><a id=\"wp-block-file--media-e1888e05-30f0-4a4a-8567-26f90205af62\" href=\"https:\/\/caplusinvest-bud.se\/wp-content\/uploads\/2025\/06\/25-17325-1.pdf\" target=\"_blank\" rel=\"noreferrer noopener\">CA Plusinvest AB:s budpliktserbjudande till aktie\u00e4garna i Arise AB<\/a><\/div>\n\n\n\n<div class=\"wp-block-file\"><a id=\"wp-block-file--media-79dcf189-c829-4e06-bb99-f27326c4724d\" href=\"https:\/\/caplusinvest-bud.se\/wp-content\/uploads\/2025\/06\/Acceptsedel.pdf\" target=\"_blank\" rel=\"noreferrer noopener\">Acceptsedel avseende CA Plusinvest AB:s budpliktserbjudande till aktie\u00e4garna i Arise AB<\/a><\/div>\n\n\n\n<div class=\"wp-block-file\"><a id=\"wp-block-file--media-166eef01-05b5-48fc-a9fb-81aa1c231127\" href=\"https:\/\/caplusinvest-bud.se\/wp-content\/uploads\/2025\/07\/25-21618.pdf\" target=\"_blank\" rel=\"noreferrer noopener\">Till\u00e4gg till CA Plusinvest AB:s erbjudandehandling avseende budpliktserbjudande till aktie\u00e4garna i Arise AB<\/a><\/div>\n<\/div>\n\n\n\n<div style=\"height:40px\" aria-hidden=\"true\" class=\"wp-block-spacer\"><\/div>\n\n\n\n<div class=\"wp-block-group has-global-padding is-layout-constrained wp-block-group-is-layout-constrained\">\n<div id=\"viktiga-datum\" class=\"wp-block-group has-global-padding is-layout-constrained wp-block-group-is-layout-constrained\">\n<h2 class=\"wp-block-heading\">Viktiga datum<\/h2>\n\n\n\n<p><strong>23 juni 2025:<\/strong> Offentligg\u00f6rande av bud<br><strong>24 juni 2025:<\/strong> Offentligg\u00f6rande av erbjudandehandling<br><strong>25 juni \u2013 1 augusti 2025:<\/strong> Acceptfrist<br><strong>8 augusti 2025: <\/strong>Utbetalning av vederlag<\/p>\n<\/div>\n<\/div>\n\n\n\n<div style=\"height:40px\" aria-hidden=\"true\" class=\"wp-block-spacer\"><\/div>\n\n\n\n<div id=\"vanliga-fragor\" class=\"wp-block-group has-global-padding is-layout-constrained wp-block-group-is-layout-constrained\">\n<h2 class=\"wp-block-heading\">Vanliga fr\u00e5gor<\/h2>\n\n\n\n<details class=\"wp-block-details is-layout-flow wp-block-details-is-layout-flow\"><summary>Hur mycket erbjuder CA Plusinvest AB f\u00f6r varje aktie i Arise och hur stor \u00e4r budpremien?<\/summary>\n<p>Aktie\u00e4garna i Arise erbjuds 34,45 kronor kontant per aktie i Arise. Om Arise betalar utdelning eller genomf\u00f6r n\u00e5gon annan v\u00e4rde\u00f6verf\u00f6ring till aktie\u00e4garna f\u00f6r vilken avst\u00e4mningsdagen intr\u00e4ffar f\u00f6re utbetalningen av vederlaget i Erbjudandet kommer Erbjudandepriset att reduceras i motsvarande m\u00e5n.<\/p>\n\n\n\n<p>Priset per aktie som erbjuds i Erbjudandet motsvarar en negativ premie om cirka:<\/p>\n\n\n\n<ul class=\"wp-block-list\">\n<li>cirka 0,9 procent i f\u00f6rh\u00e5llande till st\u00e4ngningskursen om 34,65 kronor den 19 juni 2025 (vilket var den sista handelsdagen f\u00f6re offentligg\u00f6randet av Erbjudandet);<\/li>\n\n\n\n<li>cirka 2,7 procent i f\u00f6rh\u00e5llande till st\u00e4ngningskursen om 35,30 kronor den 2 juni 2025 (vilket var den sista handelsdagen f\u00f6re det att CA Group f\u00f6rv\u00e4rvade en aktie och offentliggjorde att budplikt uppkommit); och<\/li>\n\n\n\n<li>cirka 3,8 procent i f\u00f6rh\u00e5llande till den volymv\u00e4gda genomsnittliga betalkursen om 35,69 kronor under de 90 senaste handelsdagarna f\u00f6re offentligg\u00f6randet av Erbjudandet.<\/li>\n<\/ul>\n<\/details>\n\n\n\n<details class=\"wp-block-details is-layout-flow wp-block-details-is-layout-flow\"><summary>Finns det n\u00e5gra villkor kopplade till Erbjudandet?<\/summary>\n<p>Erbjudandets fullf\u00f6ljande \u00e4r endast villkorat av att samtliga erforderliga godk\u00e4nnanden, tillst\u00e5nd, beslut och andra \u00e5tg\u00e4rder fr\u00e5n myndigheter eller liknande, inklusive godk\u00e4nnanden fr\u00e5n myndigheter f\u00f6r utl\u00e4ndska direktinvesteringar, erh\u00e5lls, i varje enskilt fall p\u00e5 f\u00f6r CA Plusinvest acceptabla villkor. Enligt CA Plusinvests bed\u00f6mning kr\u00e4ver Erbjudandet godk\u00e4nnande (eller bekr\u00e4ftelse p\u00e5 att godk\u00e4nnande inte kr\u00e4vs) fr\u00e5n Inspektionen f\u00f6r strategiska produkter samt godk\u00e4nnande fr\u00e5n Konkurrensverket. CA Plusinvest f\u00f6rv\u00e4ntar sig att godk\u00e4nnande fr\u00e5n Inspektionen f\u00f6r strategiska produkter och Konkurrensverket kommer att l\u00e4mnas f\u00f6re utg\u00e5ngen av acceptperioden.<\/p>\n<\/details>\n\n\n\n<details class=\"wp-block-details is-layout-flow wp-block-details-is-layout-flow\"><summary>Hur st\u00e4ller sig styrelsen i Arise till Erbjudandet?<\/summary>\n<p>Som offentliggjordes den 10 juli 2025 rekommenderar den oberoende budkommitt\u00e9n (\u201dBudkommitt\u00e9n\u201d) i Arise enh\u00e4lligt aktie\u00e4garna att inte acceptera Erbjudandet. Budkommitt\u00e9n har, i enlighet med regel III.3 i Takeover-reglerna, erh\u00e5llit ett oberoende v\u00e4rderingsutl\u00e5tande (en s.k. fairness opinion) fr\u00e5n Clarksons Securities AS, i syfte att st\u00f6dja Budkommitt\u00e9n i dess utv\u00e4rdering av Erbjudandet.<\/p>\n<\/details>\n\n\n\n<details class=\"wp-block-details is-layout-flow wp-block-details-is-layout-flow\"><summary>Vad \u00e4r ett NID-nummer och hur f\u00e5r jag det?<\/summary>\n<p>Ett NID-nummer (National ID) \u00e4r en identifikationskod som privatpersoner beh\u00f6ver ha f\u00f6r att kunna handla med v\u00e4rdepapper, till exempel f\u00f6r att k\u00f6pa och s\u00e4lja aktier eller delta i nyemissioner. F\u00f6r den som \u00e4r svensk medborgare \u00e4r NID-numret landskoden SE f\u00f6ljt av personnumret p\u00e5 tolv siffror. Hos de flesta banker kan du registrera det sj\u00e4lv via deras hemsida\/internetbank. Om du \u00e4r utl\u00e4ndsk medborgare eller medborgare i flera l\u00e4nder ser NID-numret annorlunda ut. Kontakta i s\u00e5 fall din bank f\u00f6r att f\u00e5 hj\u00e4lp.<\/p>\n<\/details>\n\n\n\n<details class=\"wp-block-details is-layout-flow wp-block-details-is-layout-flow\"><summary>N\u00e4r m\u00e5ste jag acceptera Erbjudandet?<\/summary>\n<p>Acceptfristen f\u00f6r Erbjudandet avslutas den 1 augusti 2025 kl. 17.00 CEST.<\/p>\n\n\n\n<p>Om du \u00e4r f\u00f6rvaltarregistrerad aktie\u00e4gare, v\u00e4nligen notera att din f\u00f6rvaltare eller bank kan komma att s\u00e4tta en tidigare tidpunkt som sista dag f\u00f6r att acceptera Erbjudandet. V\u00e4nligen kontakta din f\u00f6rvaltare eller bank f\u00f6r att s\u00e4kerst\u00e4lla att du har all n\u00f6dv\u00e4ndig information.<\/p>\n\n\n\n<p>CA Group f\u00f6rbeh\u00e5ller sig r\u00e4tten att f\u00f6rkorta samt f\u00f6rl\u00e4nga acceptfristen i den utstr\u00e4ckning som \u00e4r till\u00e5tet enligt till\u00e4mpliga lagar och regler. Meddelande om s\u00e5dan \u00e4ndring av acceptfristen kommer att offentligg\u00f6ras av CA Group genom pressmeddelande i enlighet med till\u00e4mpliga lagar och regler.<\/p>\n<\/details>\n\n\n\n<details class=\"wp-block-details is-layout-flow wp-block-details-is-layout-flow\"><summary>Om jag accepterar Erbjudandet, n\u00e4r och hur kommer jag att erh\u00e5lla vederlaget?<\/summary>\n<p>Utbetalning av vederlag f\u00f6r aktier som l\u00e4mnats in i Erbjudandet under acceptfristen som avslutas den 1 augusti 2025 kommer att p\u00e5b\u00f6rjas omkring den 8 augusti 2025.<\/p>\n\n\n\n<p>Mer information om utbetalning av vederlaget framg\u00e5r av Erbjudandehandlingen, som finns tillg\u00e4nglig p\u00e5 denna webbplats under <a href=\"https:\/\/breezetest.hemsida.eu\/?page_id=10\" data-type=\"page\" data-id=\"10\">&#8221;Dokument&#8221;<\/a>.<\/p>\n<\/details>\n\n\n\n<details class=\"wp-block-details is-layout-flow wp-block-details-is-layout-flow\"><summary>Hur kommer min utbetalning att beskattas?<\/summary>\n<p>F\u00f6r skatterelaterade fr\u00e5gor, v\u00e4nligen kontakta din skatter\u00e5dgivare eller se avsnittet &#8221;Skattefr\u00e5gor i Sverige&#8221; som finns inkluderat i Erbjudandehandlingen. Erbjudandehandlingen offentliggjordes den 24 juni 2025, och finns tillg\u00e4nglig p\u00e5 denna webbplats under <a href=\"#dokument\" data-type=\"page\" data-id=\"10\">&#8221;Dokument&#8221;<\/a>.<\/p>\n<\/details>\n\n\n\n<details class=\"wp-block-details is-layout-flow wp-block-details-is-layout-flow\"><summary>Var hittar jag Erbjudandehandlingen och acceptsedeln?<\/summary>\n<p>Erbjudandehandlingen och acceptsedeln offentliggjordes den 24 juni 2025 och finns tillg\u00e4nglig p\u00e5 denna webbplats under \u201d<a href=\"#dokument\">Dokument<\/a>\u201d.<\/p>\n<\/details>\n\n\n\n<details class=\"wp-block-details is-layout-flow wp-block-details-is-layout-flow\"><summary>Vad ska jag g\u00f6ra om jag inte har f\u00e5tt n\u00e5gon information fr\u00e5n min bank om Erbjudandet?<\/summary>\n<p>Det \u00e4r bankens eller f\u00f6rvaltarens ansvar att informera dig om m\u00f6jligheten att acceptera Erbjudandet. Vi rekommenderar att du kontaktar banken, eller f\u00f6rvaltaren som \u00e4r registrerad som innehavare av dina aktier, direkt, om du inte har f\u00e5tt n\u00e5gon information.<\/p>\n<\/details>\n\n\n\n<details class=\"wp-block-details is-layout-flow wp-block-details-is-layout-flow\"><summary>Var v\u00e4nder jag mig om jag har flera fr\u00e5gor?<\/summary>\n<p>Vid fr\u00e5gor, v\u00e4nligen se avsnittet <a href=\"#kontakt\" data-type=\"page\" data-id=\"12\">&#8221;Kontakt&#8221;<\/a>, som finns tillg\u00e4nglig p\u00e5 denna webbplats.<\/p>\n<\/details>\n<\/div>\n\n\n\n<div style=\"height:40px\" aria-hidden=\"true\" class=\"wp-block-spacer\"><\/div>\n\n\n\n<div id=\"kontakt\" class=\"wp-block-group has-global-padding is-layout-constrained wp-block-group-is-layout-constrained\">\n<h2 class=\"wp-block-heading\">Kontakt<\/h2>\n\n\n\n<p><strong>Erik Rune, VD Claesson &amp; Anderz\u00e9n AB<\/strong><\/p>\n\n\n\n<p><a href=\"mailto:erik.rune@claessonanderzen.com\" target=\"_blank\" rel=\"noreferrer noopener\">erik.rune@claessonanderzen.com<\/a><\/p>\n<\/div>\n","protected":false},"excerpt":{"rendered":"<p>Om Erbjudandet Den 3 juni 2025 f\u00f6rv\u00e4rvade Claesson &amp; Anderz\u00e9n AB, genom CA Plusinvest AB (\u201dCA Plusinvest\u201d och tillsammans \u201dCA Group\u201d), en aktie i Arise AB, med organisationsnummer 556274-6726 (\u201dArise\u201d eller \u201dBolaget\u201d), och meddelade att budplikt uppkommit och att CA Group d\u00e4rf\u00f6r inom fyra veckor antingen skulle l\u00e4mna ett budpliktsbud avseende resterade aktier i Arise [&hellip;]<\/p>\n","protected":false},"author":1,"featured_media":0,"parent":0,"menu_order":0,"comment_status":"closed","ping_status":"closed","template":"","meta":{"footnotes":""},"class_list":["post-2","page","type-page","status-publish","hentry"],"_links":{"self":[{"href":"https:\/\/caplusinvest-bud.se\/index.php?rest_route=\/wp\/v2\/pages\/2","targetHints":{"allow":["GET"]}}],"collection":[{"href":"https:\/\/caplusinvest-bud.se\/index.php?rest_route=\/wp\/v2\/pages"}],"about":[{"href":"https:\/\/caplusinvest-bud.se\/index.php?rest_route=\/wp\/v2\/types\/page"}],"author":[{"embeddable":true,"href":"https:\/\/caplusinvest-bud.se\/index.php?rest_route=\/wp\/v2\/users\/1"}],"replies":[{"embeddable":true,"href":"https:\/\/caplusinvest-bud.se\/index.php?rest_route=%2Fwp%2Fv2%2Fcomments&post=2"}],"version-history":[{"count":38,"href":"https:\/\/caplusinvest-bud.se\/index.php?rest_route=\/wp\/v2\/pages\/2\/revisions"}],"predecessor-version":[{"id":106,"href":"https:\/\/caplusinvest-bud.se\/index.php?rest_route=\/wp\/v2\/pages\/2\/revisions\/106"}],"wp:attachment":[{"href":"https:\/\/caplusinvest-bud.se\/index.php?rest_route=%2Fwp%2Fv2%2Fmedia&parent=2"}],"curies":[{"name":"wp","href":"https:\/\/api.w.org\/{rel}","templated":true}]}}